{"id":1294,"date":"2021-02-09T18:10:26","date_gmt":"2021-02-09T17:10:26","guid":{"rendered":"https:\/\/www.vieravisio.cat\/politica-de-cookies\/"},"modified":"2023-12-05T16:17:57","modified_gmt":"2023-12-05T15:17:57","slug":"politica-de-cookies","status":"publish","type":"page","link":"https:\/\/www.vieravisio.cat\/es\/politica-de-cookies\/","title":{"rendered":"Pol\u00edtica de Cookies"},"content":{"rendered":"\n<p><strong>INFORMACI\u00d3N SOBRE<\/strong> COOKIES<br\/>Debido a la entrada en vigor de la referente modificaci\u00f3n de la \u00abLey de Servicios de la Sociedad de la Informaci\u00f3n\u00bb<\/p>\n\n<p>(LSSICE) establecida por el Real Decreto 13\/2012, es de obligaci\u00f3n obtener el consentimiento expreso del usuario de todas las p\u00e1ginas web que usan cookies prescindibles, antes de que \u00e9ste navegue por ellas.<\/p>\n\n<p><strong>\u00bfQU\u00c9 SON LAS<\/strong> COOKIES <strong>?<\/strong><br\/> Las cookies y otras tecnolog\u00edas similares tales como local shared objects, flashcookies o p\u00edxeles, son herramientas empleadas por los servidores Web para almacenar y recuperar informaci\u00f3n sobre sus visitantes, as\u00ed como para ofrecer un correcto funcionamiento del sitio.<\/p>\n\n<p>Mediante el uso de estos dispositivos se permite al servidor Web recordar algunas datos concernientes al usuario, como sus preferencias para la visualizaci\u00f3n de las p\u00e1ginas de ese servidor, n\u00famero y contrase\u00f1a, productos que m\u00e1s le interesan, etc.<\/p>\n\n<p>COOKIES <strong>AFECTADAS POR LA NORMATIVA Y<\/strong> COOKIES <strong>EXCEPTUADAS<\/strong><\/p>\n\n<p>Seg\u00fan la directiva de la UE, las cookies que requieren el consentimiento informado por parte del usuario son las cookies de anal\u00edtica y las de publicidad y afiliaci\u00f3n, quedando exceptuadas las de car\u00e1cter t\u00e9cnico y las necesarias para el funcionamiento del sitio web o la prestaci\u00f3n de servicios expresamente solicitados por el usuario.<\/p>\n\n<p><strong>SEG\u00daN LA FINALIDAD<\/strong><\/p>\n\n<p><strong>TIPO DE<\/strong> COOKIES<\/p>\n\n<ul class=\"wp-block-list\">\n<li>Cookies <strong>t\u00e9cnicas y funcionales<\/strong> : son aquellas que permiten al usuario la navegaci\u00f3n a trav\u00e9s de una p\u00e1gina web, plataforma o aplicaci\u00f3n y la utilizaci\u00f3n de las diferentes opciones o servicios que en ella existan.<\/li>\n\n\n\n<li>Cookies <strong>anal\u00edticas<\/strong> : son aquellas que permiten al responsable de las mismas el seguimiento y an\u00e1lisis del comportamiento de los usuarios de los sitios web a los que est\u00e1n vinculadas. La informaci\u00f3n recogida mediante este tipo de cookies se utiliza en la medici\u00f3n de la actividad de los sitios web, aplicaci\u00f3n o plataforma y para la elaboraci\u00f3n de perfiles de navegaci\u00f3n de los usuarios de dichos sitios, aplicaciones y plataformas, con el fin de introducir mejoras en funci\u00f3n de la an\u00e1lisis de las datos de uso que realizan los usuarios del servicio.<\/li>\n\n\n\n<li>Cookies <strong>publicitarias:<\/strong> son aquellas que permiten la gesti\u00f3n, de la forma m\u00e1s eficaz posible, de los espacios publicitarios que, en su caso, el editor haya incluido en una p\u00e1gina web, aplicaci\u00f3n o plataforma desde la que presta el servicio solicitado en base a criterios como el contenido editaci\u00f3n o la frecuencia en la que se muestran los anuncios.<\/li>\n\n\n\n<li>Cookies  <strong>de publicidad comportamental<\/strong>: recogen informaci\u00f3n sobre las preferencias y elecciones personales del usuario (retargeting) para permitir la gesti\u00f3n, de la forma m\u00e1s eficaz posible, de los espacios publicitarios que, en su caso, el editor haya incluido en una p\u00e1gina web, aplicaci\u00f3n o plataforma desde la que presta el servicio solicitado.<\/li>\n\n\n\n<li>Cookies <strong>sociales<\/strong> : est\u00e1n establecidas por las plataformas de redes sociales en los servicios para permitirle compartir contenido con sus amigos y redes. Las plataformas de medios sociales tienen la capacidad de rastrear su actividad online fuera de los Servicios. Esto puede afectar al contenido y los mensajes que viene en otros servicios que visita.<\/li>\n\n\n\n<li>Cookies <strong>de afiliados<\/strong> : permiten hacer un seguimiento de las visitas procedentes de otras webs, con las que el sitio web establece un contrato de afiliaci\u00f3n (empresas de afiliaci\u00f3n).<\/li>\n\n\n\n<li>Cookies <strong>de seguridad<\/strong> : almacenan informaci\u00f3n cifrada para evitar que las datos guardadas en ellas sean vulnerables a ataques maliciosos de terceros.<\/li>\n<\/ul>\n\n<p><\/p>\n\n<p><strong>SEG\u00daN LA PROPIEDAD<\/strong><\/p>\n\n<ul class=\"wp-block-list\">\n<li>Cookies <strong>propias<\/strong> : son aquellas que se env\u00edan al equipo terminal del usuario desde un equipo o dominio gestionado por el propio editor y desde el que se presta el servicio solicitado por el usuario.<\/li>\n\n\n\n<li>Cookies <strong>de terceros:<\/strong> son aquellas que se env\u00edan al equipo terminal del usuario desde un equipo o dominio que no es gestionado por el editor, sino por otra entidad que trata las datos obtenidas a trav\u00e9s de las cookies.<\/li>\n<\/ul>\n\n<p><\/p>\n\n<p><strong>SEG\u00daN EL PLAZO DE CONSERVACI\u00d3N<\/strong><\/p>\n\n<ul class=\"wp-block-list\">\n<li>Cookies <strong>de sesi\u00f3n:<\/strong> son un tipo de cookies dise\u00f1adas para recabar y almacenar datos mientras el usuario accede a una p\u00e1gina web.<\/li>\n\n\n\n<li>Cookies <strong>persistentes:<\/strong> son un tipo de cookies en las que las datos sean almacenadas en el terminal y pueden ser accedidas y tratadas durante un per\u00edodo definido por el responsable de la cookie, y que puede ir de unos minutos a varios a\u00f1os.<\/li>\n<\/ul>\n\n<p><\/p>\n\n<p><strong>TRATAMIENTO DE DATOS PERSONALES<\/strong><\/p>\n\n<p>VIERA CENTRO DE VISI\u00d3N Y DESARROLLO, SL es el  <strong>Responsable del tratamiento<\/strong> de las datos personales del  <strong>Interesado<\/strong> y le informa de que estas datos ser\u00e1n tratadas de conformidad con lo dispuesto en el Reglamento (UE) 2016\/679, de 27 de abril de 2016 (GDPR), por lo que se le facilita la siguiente informaci\u00f3n del tratamiento:<\/p>\n\n<p><strong>Fines del tratamiento:<\/strong> seg\u00fan se especifica en el apartado de cookies que se utilizan en este sitio web.<\/p>\n\n<p><strong>Legitimaci\u00f3n del tratamiento<\/strong> : por consentimiento del interesado (art. 6.1 GDPR).<\/p>\n\n<p><strong>Criterios de conservaci\u00f3n de las datos<\/strong> : seg\u00fan se especifica en el apartado de cookies utilizadas en la web.<\/p>\n\n<p><strong>Comunicaci\u00f3n de las datos<\/strong> : no se comunicar\u00e1n las datos a terceros, excepto en cookies propiedad de terceros o por obligaci\u00f3n legal.<\/p>\n\n<p><strong>Derechos que asisten al Interesado<\/strong> :<\/p>\n\n<p>&#8211; Derecho a retirar el consentimiento en cualquier momento.<br\/>&#8211; Derecho de acceso, rectificaci\u00f3n, portabilidad y supresi\u00f3n de sus datos ya la limitaci\u00f3n u oposici\u00f3n al tratamiento.<br\/>&#8211; Derecho a presentar reclamaci\u00f3n ante la Autoridad de control (www.aepd.es) si considera que el tratamiento no se ajusta a la normativa vigente.<\/p>\n\n<p><strong>Datos de contacto para ejercer sus derechos:<\/strong><\/p>\n\n<p>VIERA CENTRO DE VISI\u00d3N Y DESARROLLO, SL. Calle del Corregidor Escofet, 44 &#8211; 25005 Lleida (Lleida). Email: info@vieravisio.cat<\/p>\n<a class=\"wt-cli-manage-consent-link\">Configuraci\u00f3 Cookies<\/a>\n\n<figure class=\"wp-block-table\"><table><tbody><tr><td colspan=\"6\"><strong>COOKIES T\u00c9CNICAS Y FUNCIONALES<\/strong> No precisan consentimiento del usuario<\/td><\/tr><tr><td>N\u00daMERO<\/td><td>TIPO<\/td><td>PROPIEDAD<\/td><td>FINALIDAD<\/td><td>PLAZO<\/td><td>OBSERVACIONES<\/td><\/tr><tr><td><strong>PHPSESSID<\/strong><\/td><td>T\u00e9cnica<\/td><td>Propia<\/td><td>Contiene el identificador de la sesi\u00f3n<\/td><td>Al cerrar el navegador<\/td><td>Sesi\u00f3n<\/td><\/tr><tr><td><strong>_lang<\/strong><\/td><td>T\u00e9cnica<\/td><td>Propia<\/td><td>Contiene el idioma de la sesi\u00f3n<\/td><td>Al cerrar el navegador<\/td><td>Sesi\u00f3n<\/td><\/tr><tr><td><strong>ac_cookies<\/strong><\/td><td>T\u00e9cnica<\/td><td>Propia<\/td><td>Contiene el valor de si se ha aceptado la instalaci\u00f3n de cookies<\/td><td>1 a\u00f1o<\/td><td>Persistente<\/td><\/tr><tr><td><strong>contador<\/strong><\/td><td>T\u00e9cnica<\/td><td>Propia<\/td><td>Se utiliza para efectuar el recuento del n\u00famero de accesos a la p\u00e1gina por sesi\u00f3n<\/td><td>1 a\u00f1o<\/td><td>Persistente<\/td><\/tr><tr><td><strong>viewed_cookie_policy<\/strong><\/td><td>T\u00e9cnica<\/td><td>Propia<\/td><td>Se utiliza para recordar sus preferencias en cuanto a la Pol\u00edtica de Cookies establecida<\/td><td>1 a\u00f1o<\/td><td>Persistente<\/td><\/tr><tr><td><strong>_icl_current_language<\/strong><\/td><td>T\u00e9cnica<\/td><td>Propia<\/td><td>Se utiliza para recordar el idioma que ha seleccionado el usuario y mostrarle los contenidos en ese mismo idioma al largo de su navegaci\u00f3n<\/td><td>1 a\u00f1o<\/td><td>Sesi\u00f3n<\/td><\/tr><\/tbody><\/table><\/figure>\n\n<p><\/p>\n\n<figure class=\"wp-block-table\"><table><tbody><tr><td colspan=\"6\"><strong>PANEL DE CONFIGURACI\u00d3N<\/strong><\/td><\/tr> <tr><td colspan=\"6\"><strong>COOKIES ANAL\u00cdTICAS<\/strong><\/td><\/tr><br\/> <tr><td colspan=\"6\"><strong>O<\/strong> Marcar o desmarcar seg\u00fan se desee aceptar o rechazar la instalaci\u00f3n de estas cookies.<\/td><\/tr><tr><td>N\u00daMERO<\/td><td>TIPO<\/td><td>PROPIEDAD<\/td><td>FINALIDAD<\/td><td>PLAZO<\/td><td>OBSERVACIONES<\/td><\/tr><tr><td><strong>_ga<\/strong><\/td> <td>Anal\u00edtica<\/td> <td>Google Analytics<\/td><td>Habilita la funci\u00f3n de control de visitas \u00fanicas. La primera vez que un usuario entre en el sitio web a trav\u00e9s de un navegador se instalar\u00e1 esta cookie. Cuando este usuario vuelva a entrar en la web con el mismo navegador, la cookie considerar\u00e1 que es el mismo usuario. Solo en el caso de que el usuario cambie de navegador, se considerar\u00e1 otro usuario<\/td><td>2 a\u00f1os<\/td> <td>Persistente<\/td><\/tr><tr><td>_ <strong>gato<\/strong><\/td><td>Anal\u00edtica<\/td><td>Google Analytics<\/td><td>Se utiliza para limitar la velocidad de petici\u00f3n &#8211; la limitaci\u00f3n de la recogida de datos en los sitios de alto tr\u00e1fico<\/td><td>10 minutos<\/td><td>Sesi\u00f3n<\/td><\/tr><tr><td><strong>_gid<\/strong><\/td><td>Anal\u00edtica<\/td><td>Google Analytics<\/td><td>Se utiliza para distinguir a los usuarios<\/td><td>24 horas<\/td><td>Sesi\u00f3n<\/td><\/tr><tr><td><strong>_utma<\/strong><\/td><td>Anal\u00edtica<\/td><td>Google Analytics<\/td><td>Registra la fecha de la primera y \u00faltima vez que el usuario vist\u00f3 el sitio web<\/td><td>2 a\u00f1os<\/td><td>Persistente<\/td><\/tr><tr><td><strong>_utmb<\/strong><\/td><td>Anal\u00edtica<\/td><td>Google Analytics<\/td><td>Registra la hora de llegada a la p\u00e1gina web<\/td><td>30 minutos<\/td><td>Sesi\u00f3n<\/td><\/tr><tr><td><strong>_utmc<\/strong><\/td><td>Anal\u00edtica<\/td><td>Google Analytics<\/td><td>Se utiliza para la interoperabilidad con el c\u00f3digo de seguimiento urchin.js<\/td><td>1 a\u00f1o<\/td><td>Sesi\u00f3n<\/td><\/tr><tr><td><strong>_utmt<\/strong><\/td><td>Anal\u00edtica<\/td><td>Google Analytics<\/td><td>Procesa el tipo de solicitud pedida por el usuario<\/td><td>Al finalizar la sesi\u00f3n<\/td><td>Sesi\u00f3n<\/td><\/tr><tr><td><strong>_utmv<\/strong><\/td><td>Anal\u00edtica<\/td><td>Google Analytics<\/td><td>Segmenta datos demogr\u00e1ficos<\/td><td>Al finalizar la sesi\u00f3n<\/td><td>Sesi\u00f3n<\/td><\/tr><tr><td><strong>_utmz<\/strong><\/td><td>Anal\u00edtica<\/td><td>Google Analytics<\/td><td>Almacena la fuente de tr\u00e1fico o una campa\u00f1a para explicar c\u00f3mo el usuario lleg\u00f3 al sitio web<\/td><td>6 meses<\/td><td>Persistente<\/td><\/tr><\/tbody><\/table><\/figure>\n\n<p><\/p>\n\n<figure class=\"wp-block-table\"><table><tbody><tr><td colspan=\"6\"><strong>PANEL DE CONFIGURACI\u00d3N<\/strong><\/td><\/tr> <tr><td colspan=\"6\"><strong>COOKIES DE PUBLICIDAD COMPORTAMENTAL<\/strong><\/td><\/tr><br\/> <tr><td colspan=\"6\"><strong>O<\/strong> Marcar o desmarcar seg\u00fan se desee aceptar o rechazar la instalaci\u00f3n de estas cookies.<\/td><\/tr><tr><td>N\u00daMERO<\/td><td>TIPO<\/td><td>PROPIEDAD<\/td><td>FINALIDAD<\/td><td>PLAZO<\/td><td>OBSERVACIONES<\/td><\/tr><tr><td><strong>_gads<\/strong><\/td><td>Publicitaria<\/td><td>Google<\/td><td>Cookie asociada al servicio de Doubleclick.net de Google para que el due\u00f1o pueda ganar cr\u00e9dito<\/td><td>1 a\u00f1o<\/td><td>Persistente<\/td><\/tr><tr><td><strong>_sonar<\/strong><\/td><td>Publicitaria<\/td><td>Doubleclick.net<\/td><td>Se utiliza para mejorar y orientar la publicidad seg\u00fan el contenido relevante para un usuario, mejorar los informes de rendimiento de la campa\u00f1a y evitar mostrar anuncios que el usuario ya haya visto Doubleclick.net<\/td><td>1 a\u00f1o<\/td><td>Persistente<\/td><\/tr><tr><td><strong>_ncuid<\/strong><\/td><td>Publicitaria<\/td><td>Google<\/td><td>Se utiliza para medir el rendimiento de los anuncios y proporcionar recomendaciones relativas a productos basados \u200b\u200ben datos estad\u00edsticos<\/td><td>6 meses<\/td><td>Persistente<\/td><\/tr><tr><td><strong>IDE<\/strong><\/td><td>Publicitaria<\/td><td>Doubleclick.net<\/td><td>Se utiliza para la focalizaci\u00f3n, optimizaci\u00f3n, presentaci\u00f3n de informes y atribuci\u00f3n de anuncios online.<\/td><td>1 a\u00f1o<\/td><td>Persistente<\/td><\/tr><tr><td><strong>_conv_v bt2<\/strong><br\/> <strong>di2<\/strong><br\/> <strong>dt<\/strong> <strong>sitio ssc ssh ssshs uid um uvc vc<\/strong><\/td><td>Publicitaria<\/td><td>AddThis<\/td><td>Se utilizan para habilitar el contenido con el fin de ser compartido.<br\/>AddThis tambi\u00e9n se utiliza para recopilar informaci\u00f3n sobre c\u00f3mo se comparte contenido del sitio web<\/td><td>2 a\u00f1os, excepto: _conv_v: 1 a\u00f1o, bt2: 8 meses,<br\/>ma: 30 d\u00edas<\/td><td>Persistentes<\/td><\/tr><\/tbody><\/table><\/figure>\n\n<p>Tambi\u00e9n podr\u00e1 <strong>controlar los anuncios<\/strong> y <strong>tecnolog\u00edas de seguimiento<\/strong> con la aplicaci\u00f3n Ghostery: http:\/\/www.ghostery.com\/<\/p>\n\n<p><\/p>\n\n<figure class=\"wp-block-table\"><table><tbody><tr><td colspan=\"6\"><strong>PANEL DE CONFIGURACI\u00d3N<\/strong><\/td><\/tr> <tr><td colspan=\"6\"><strong>COOKIES DE AFILIADOS<\/strong><\/td><\/tr><br\/> <tr><td colspan=\"6\"><strong>O<\/strong> Marcar o desmarcar seg\u00fan se desee aceptar o rechazar la instalaci\u00f3n de estas cookies.<\/td><\/tr><tr><td>N\u00daMERO<\/td><td>TIPO<\/td><td>PROPIEDAD<\/td><td>FINALIDAD<\/td><td>PLAZO<\/td><td>OBSERVACIONES<\/td><\/tr><tr><td><strong>prli_click<\/strong><\/td><td>Afiliados<\/td><td>Pretty Links<\/td><td>Necesaria para guardar informaci\u00f3n estad\u00edstica de los clics que se hacen en los enlaces de afiliado<\/td><td>30 d\u00edas<\/td><td>Persistente<\/td><\/tr><tr><td><strong>prli_visitor<\/strong><\/td><td>Afiliados<\/td><td>Pretty Links<\/td><td>Necesaria para guardar informaci\u00f3n estad\u00edstica de los clics que se hacen en los enlaces de afiliado<\/td><td>1 a\u00f1o<\/td><td>Persistente<\/td><\/tr><\/tbody><\/table><\/figure>\n\n<figure class=\"wp-block-table\"><table><tbody><tr><td colspan=\"6\"><strong>PANEL DE CONFIGURACI\u00d3N<\/strong><\/td><\/tr> <tr><td colspan=\"6\"><strong>COOKIES DE TERCEROS CONTROLADAS POR EL EDITOR (Google, Youtube, Cloudflare, Bizible)<\/strong> <strong>O<\/strong> Marcar o desmarcar seg\u00fan se desee aceptar o rechazar la instalaci\u00f3n de estas cookies.<\/td><\/tr><tr><td>N\u00daMERO<\/td><td>TIPO<\/td><td>PROPIEDAD<\/td><td>FINALIDAD<\/td><td>PLAZO<\/td><td>OBSERVACIONES<\/td><\/tr><tr><td><strong>1P_JAR<\/strong><\/td><td>Publicitaria<\/td><td>Google<\/td><td>Transfiere datos a Google para hacer la publicidad m\u00e1s atractiva<\/td><td>1 semana<\/td><td>Persistente<\/td><\/tr><tr><td><strong>ANID<\/strong><\/td> <td>Publicitaria<\/td> <td>Google<\/td><td>Contiene un valor generado aleatoriamente \u00fanico que permite a la Plataforma distinguir navegadoras y dispositivos. Esta informaci\u00f3n se utiliza para medir el rendimiento de los anuncios y proporcionar recomendaciones relativas a productos basados \u200b\u200ben datos estad\u00edsticos<\/td><td>1 a\u00f1o<\/td> <td>Persistente<\/td><\/tr><tr><td><strong>APISID<\/strong><\/td><td>T\u00e9cnica<\/td><td>Google<\/td><td>Esta cookie es utilizada por Google para almacenar las preferencias del usuario y la informaci\u00f3n durante la visualizaci\u00f3n de las p\u00e1ginas con los mapas de Google en ellos<\/td><td>2 a\u00f1os<\/td><td>Persistente<\/td><\/tr><tr><td><strong>CONSIENTE<\/strong><\/td> <td>Publicitaria<\/td> <td>Google<\/td><td>Contiene un valor generado aleatoriamente \u00fanico que permite a la Plataforma distinguir navegadoras y dispositivos. Esta informaci\u00f3n se utiliza para medir el rendimiento de los anuncios y proporcionar recomendaciones relativas a productos basados \u200b\u200ben datos estad\u00edsticos<\/td><td>1 a\u00f1o<\/td> <td>Persistente<\/td><\/tr><tr><td><strong>HSID<\/strong><\/td><td>T\u00e9cnica<\/td><td>Google<\/td><td>Al crear o iniciar sesi\u00f3n en un cuenta de Google se almacena esta cookie<\/td><td>2 a\u00f1os<\/td><td>Persistente<\/td><\/tr><tr><td><strong>SID<\/strong><\/td><td><\/td><td>Google<\/td> <td>Recoger informaci\u00f3n para el buscador de Google incluido en la web (Google CSE)<\/td> <td>2 a\u00f1os<\/td> <td>Persistente<\/td><\/tr><tr><td><strong>NID<\/strong><\/td><td><\/td><td>Google<\/td> <td>El bot\u00f3n \u00abGoogle +1\u00bb utilizado en nuestro sitio web est\u00e1 alojado en Google, su navegador env\u00eda informaci\u00f3n de las cookies que Google requiere si mantiene la sesi\u00f3n activa con su cuenta, estas datos son utilizadas por Google con el fin de asociarlos a su cuenta<\/td> <td>6 meses<\/td> <td>Persistente<\/td><\/tr><tr><td><strong>SIDCC<\/strong><\/td><td><\/td><td>Google<\/td> <td>Esta cookie es utilizada por Google para proveer servicios y extraer informaci\u00f3n an\u00f3nima sobre la navegaci\u00f3n<\/td> <td>3 meses<\/td> <td>Persistente<\/td><\/tr><tr><td><strong>SSID<\/strong><\/td><td><\/td><td>Google<\/td> <td>Recoge informaci\u00f3n para el buscador de Google incluido en la web (Google CSE)<\/td> <td>3 meses<\/td> <td>Persistente<\/td><\/tr><tr><td><strong>PREF<\/strong><\/td><td><\/td><td>Google<\/td> <td>Cookie que almacena las preferencias de configuraci\u00f3n, tales como idioma preferido, n\u00famero de resultados de b\u00fasqueda mostrados por p\u00e1gina o activaci\u00f3n del filtro SafeSearch de Google<\/td> <td>10 a\u00f1os<\/td> <td>Persistente<\/td><\/tr><\/tbody><\/table><\/figure>\n\n<p><\/p>\n\n<figure class=\"wp-block-table\"><table><tbody><tr><td colspan=\"6\"><strong>C\u00d3MO GESTIONAR LAS COOKIES DESDE EL NAVEGADOR<\/strong><\/td><\/tr><tr><td><strong>Eliminar las cookies del dispositivo<\/strong><\/td><td>Las cookies que ya est\u00e1n en un dispositivo se pueden eliminar borrando el historial del navegador, con lo que se suprimen las cookies de todos los sitios web visitados.<br\/>Sin embargo, tambi\u00e9n se puede perder parte de la informaci\u00f3n guardada (por ejemplo, las datos de inicio de sesi\u00f3n o las preferencias de sitio web).<\/td><\/tr><tr><td><strong>Gestionar las cookies espec\u00edficas del sitio<\/strong><\/td> <td>Para tener un control m\u00e1s preciso de las cookies espec\u00edficas de cada sitio, los usuarios pueden ajustar su configuraci\u00f3n de privacidad y cookies en el navegador.<\/td><\/tr><tr><td><strong>Bloquear las cookies<\/strong><\/td><td>Aunque la mayor\u00eda de los navegadores modernos se pueden configurar para evitar que se instalen cookies en los dispositivos, esto puede obligar al ajuste manual de determinadas preferencias cada vez que se visite un sitio o p\u00e1gina. Adem\u00e1s, algunos servicios y caracter\u00edsticas pueden no funcionar correctamente (por ejemplo, los inicios de sesi\u00f3n con perfil).<\/td><\/tr><tr><td colspan=\"6\"><strong>C\u00d3MO ELIMINAR LAS COOKIES DE LOS NAVEGADORAS M\u00c1S COMUNES<\/strong><\/td><\/tr> <tr><td><strong>Chrome<\/strong><\/td> <td>http:\/\/support.google.com\/chrome\/answer\/95647?hl=es<\/td><\/tr><tr><td><strong>Internet Explorer. Versi\u00f3n 11<\/strong><\/td><td>https:\/\/support.microsoft.com\/es-es\/help\/278835\/how-to-delete-cookie-files-in-internet-explorer<\/td><\/tr><tr><td><\/td><\/tr><tr><td><strong>Firefox. Versi\u00f3n 65.0.1<\/strong><\/td><td>https:\/\/www.mozilla.org\/es-ES\/privacy\/websites\/#cookies<\/td><\/tr><tr><td><strong>Safari Versi\u00f3n 5.1<\/strong><\/td> <td>https:\/\/support.apple.com\/es-es\/guide\/safari\/sfri11471\/mac<\/td><\/tr><tr><td><strong>Opera<\/strong><\/td> <td>https:\/\/help.opera.com\/en\/latest\/security-and-privacy\/#clearBrowsingData<\/td><\/tr><\/tbody><\/table><\/figure>\n","protected":false},"excerpt":{"rendered":"<p>INFORMACI\u00d3N SOBRE COOKIESDebido a la entrada en vigor de la referente modificaci\u00f3n de la \u00abLey de Servicios de la Sociedad de la Informaci\u00f3n\u00bb (LSSICE) establecida por el Real Decreto 13\/2012, es de obligaci\u00f3n obtener el consentimiento expreso del usuario de todas las p\u00e1ginas web que usan cookies prescindibles, antes de que \u00e9ste navegue por ellas. [&hellip;]<\/p>\n","protected":false},"author":1,"featured_media":0,"parent":0,"menu_order":0,"comment_status":"closed","ping_status":"closed","template":"","meta":{"_uag_custom_page_level_css":"","site-sidebar-layout":"default","site-content-layout":"content-boxed-container","ast-site-content-layout":"default","site-content-style":"default","site-sidebar-style":"default","ast-global-header-display":"","ast-banner-title-visibility":"","ast-main-header-display":"","ast-hfb-above-header-display":"","ast-hfb-below-header-display":"","ast-hfb-mobile-header-display":"","site-post-title":"","ast-breadcrumbs-content":"","ast-featured-img":"","footer-sml-layout":"","ast-disable-related-posts":"","theme-transparent-header-meta":"default","adv-header-id-meta":"","stick-header-meta":"","header-above-stick-meta":"","header-main-stick-meta":"","header-below-stick-meta":"","astra-migrate-meta-layouts":"default","ast-page-background-enabled":"default","ast-page-background-meta":{"desktop":{"background-color":"","background-image":"","background-repeat":"repeat","background-position":"center center","background-size":"auto","background-attachment":"scroll","background-type":"","background-media":"","overlay-type":"","overlay-color":"","overlay-opacity":"","overlay-gradient":""},"tablet":{"background-color":"","background-image":"","background-repeat":"repeat","background-position":"center center","background-size":"auto","background-attachment":"scroll","background-type":"","background-media":"","overlay-type":"","overlay-color":"","overlay-opacity":"","overlay-gradient":""},"mobile":{"background-color":"","background-image":"","background-repeat":"repeat","background-position":"center center","background-size":"auto","background-attachment":"scroll","background-type":"","background-media":"","overlay-type":"","overlay-color":"","overlay-opacity":"","overlay-gradient":""}},"ast-content-background-meta":{"desktop":{"background-color":"var(--ast-global-color-5)","background-image":"","background-repeat":"repeat","background-position":"center center","background-size":"auto","background-attachment":"scroll","background-type":"","background-media":"","overlay-type":"","overlay-color":"","overlay-opacity":"","overlay-gradient":""},"tablet":{"background-color":"var(--ast-global-color-5)","background-image":"","background-repeat":"repeat","background-position":"center center","background-size":"auto","background-attachment":"scroll","background-type":"","background-media":"","overlay-type":"","overlay-color":"","overlay-opacity":"","overlay-gradient":""},"mobile":{"background-color":"var(--ast-global-color-5)","background-image":"","background-repeat":"repeat","background-position":"center center","background-size":"auto","background-attachment":"scroll","background-type":"","background-media":"","overlay-type":"","overlay-color":"","overlay-opacity":"","overlay-gradient":""}},"footnotes":""},"class_list":["post-1294","page","type-page","status-publish","hentry"],"uagb_featured_image_src":{"full":false,"thumbnail":false,"medium":false,"medium_large":false,"large":false,"1536x1536":false,"2048x2048":false,"gform-image-choice-sm":false,"gform-image-choice-md":false,"gform-image-choice-lg":false},"uagb_author_info":{"display_name":"calzbert","author_link":"https:\/\/www.vieravisio.cat\/es\/author\/calzbert\/"},"uagb_comment_info":0,"uagb_excerpt":"INFORMACI\u00d3N SOBRE COOKIESDebido a la entrada en vigor de la referente modificaci\u00f3n de la \u00abLey de Servicios de la Sociedad de la Informaci\u00f3n\u00bb (LSSICE) establecida por el Real Decreto 13\/2012, es de obligaci\u00f3n obtener el consentimiento expreso del usuario de todas las p\u00e1ginas web que usan cookies prescindibles, antes de que \u00e9ste navegue por ellas.&hellip;","_links":{"self":[{"href":"https:\/\/www.vieravisio.cat\/es\/wp-json\/wp\/v2\/pages\/1294","targetHints":{"allow":["GET"]}}],"collection":[{"href":"https:\/\/www.vieravisio.cat\/es\/wp-json\/wp\/v2\/pages"}],"about":[{"href":"https:\/\/www.vieravisio.cat\/es\/wp-json\/wp\/v2\/types\/page"}],"author":[{"embeddable":true,"href":"https:\/\/www.vieravisio.cat\/es\/wp-json\/wp\/v2\/users\/1"}],"replies":[{"embeddable":true,"href":"https:\/\/www.vieravisio.cat\/es\/wp-json\/wp\/v2\/comments?post=1294"}],"version-history":[{"count":1,"href":"https:\/\/www.vieravisio.cat\/es\/wp-json\/wp\/v2\/pages\/1294\/revisions"}],"predecessor-version":[{"id":1297,"href":"https:\/\/www.vieravisio.cat\/es\/wp-json\/wp\/v2\/pages\/1294\/revisions\/1297"}],"wp:attachment":[{"href":"https:\/\/www.vieravisio.cat\/es\/wp-json\/wp\/v2\/media?parent=1294"}],"curies":[{"name":"wp","href":"https:\/\/api.w.org\/{rel}","templated":true}]}}